{"id":8469,"date":"2022-04-22T09:10:28","date_gmt":"2022-04-22T09:10:28","guid":{"rendered":"https:\/\/weedoverse.com\/avis-de-non-responsabilite\/"},"modified":"2022-08-05T08:15:08","modified_gmt":"2022-08-05T08:15:08","slug":"avis-de-non-responsabilite","status":"publish","type":"page","link":"https:\/\/weedoverse.com\/fr\/avis-de-non-responsabilite\/","title":{"rendered":"Avis de non-responsabilit\u00e9"},"content":{"rendered":"<p>[et_pb_section fb_built=\u00a0\u00bb1&Prime; theme_builder_area=\u00a0\u00bbpost_content\u00a0\u00bb _builder_version=\u00a0\u00bb4.17.2&Prime; _module_preset=\u00a0\u00bbdefault\u00a0\u00bb][et_pb_row _builder_version=\u00a0\u00bb4.17.2&Prime; _module_preset=\u00a0\u00bbdefault\u00a0\u00bb theme_builder_area=\u00a0\u00bbpost_content\u00a0\u00bb][et_pb_column _builder_version=\u00a0\u00bb4.17.2&Prime; _module_preset=\u00a0\u00bbdefault\u00a0\u00bb type=\u00a0\u00bb4_4&Prime; theme_builder_area=\u00a0\u00bbpost_content\u00a0\u00bb][et_pb_text _builder_version=\u00a0\u00bb4.17.2&Prime; _module_preset=\u00a0\u00bbdefault\u00a0\u00bb theme_builder_area=\u00a0\u00bbpost_content\u00a0\u00bb hover_enabled=\u00a0\u00bb0&Prime; sticky_enabled=\u00a0\u00bb0&Prime; text_text_color=\u00a0\u00bb#000000&Prime; text_font_size=\u00a0\u00bb47px\u00a0\u00bb]<\/p>\n<p>Disclaimer WeedoVerse<\/p>\n<p>[\/et_pb_text][\/et_pb_column][\/et_pb_row][et_pb_row _builder_version=\u00a0\u00bb4.17.2&Prime; _module_preset=\u00a0\u00bbdefault\u00a0\u00bb theme_builder_area=\u00a0\u00bbpost_content\u00a0\u00bb][et_pb_column _builder_version=\u00a0\u00bb4.17.2&Prime; _module_preset=\u00a0\u00bbdefault\u00a0\u00bb type=\u00a0\u00bb4_4&Prime; theme_builder_area=\u00a0\u00bbpost_content\u00a0\u00bb][et_pb_text _builder_version=\u00a0\u00bb4.17.2&Prime; _module_preset=\u00a0\u00bbdefault\u00a0\u00bb theme_builder_area=\u00a0\u00bbpost_content\u00a0\u00bb text_text_color=\u00a0\u00bb#000000&Prime; text_font_size=\u00a0\u00bb21px\u00a0\u00bb text_line_height=\u00a0\u00bb1.8em\u00a0\u00bb hover_enabled=\u00a0\u00bb0&Prime; sticky_enabled=\u00a0\u00bb0&Prime;]<\/p>\n<p><span>WeedoVerse ne fournit pas de conseils en mati\u00e8re d&rsquo;investissement et ne prend pas en compte la situation personnelle des auditeurs et des lecteurs lorsqu&rsquo;il s&rsquo;agit de discuter d&rsquo;investissements dans les Cryptocurrencies ou les Icos. WeedoVerse n&rsquo;est pas enregistr\u00e9 pour fournir des conseils d&rsquo;investissement. Toutes les opinions des h\u00f4tes, des invit\u00e9s et\/ou des sponsors de l&rsquo;\u00e9mission sont les leurs et sont uniquement destin\u00e9es \u00e0 des fins d&rsquo;information et de divertissement. Les informations discut\u00e9es sur le podcast, le site web, les forums de m\u00e9dias sociaux et ailleurs ne constituent pas une offre ou une sollicitation pour acheter, d\u00e9tenir ou vendre un titre quelconque. WeedoVerse n&rsquo;est pas un courtier ou un conseiller financier et n&rsquo;est pas affili\u00e9 \u00e0 une soci\u00e9t\u00e9 de conseil en investissement. WeedoVerse ne s&rsquo;engage pas dans de telles activit\u00e9s qui n\u00e9cessiteraient un tel enregistrement. WeedoVerse et\/ou toute personne ou soci\u00e9t\u00e9 affili\u00e9e \u00e0 WeedoVerse ne sont pas responsables des gains ou pertes r\u00e9sultant des opinions exprim\u00e9es ici. WeedoVerse ne fait aucune d\u00e9claration quant \u00e0 l&rsquo;exhaustivit\u00e9, l&rsquo;exactitude ou l&rsquo;actualit\u00e9 du mat\u00e9riel fourni. Tous les documents sont susceptibles d&rsquo;\u00eatre modifi\u00e9s sans pr\u00e9avis. Les Icos dont il est question dans le pr\u00e9sent document n&rsquo;ont pas \u00e9t\u00e9 examin\u00e9es par la commission des valeurs mobili\u00e8res et des \u00e9changes ou par toute autorit\u00e9 \u00e9tatique de r\u00e9glementation des valeurs mobili\u00e8res. En outre, les autorit\u00e9s susmentionn\u00e9es n&rsquo;ont pas confirm\u00e9 l&rsquo;exactitude ni d\u00e9termin\u00e9 le caract\u00e8re ad\u00e9quat des documents d&rsquo;offre d&rsquo;Ico. Toute d\u00e9claration contraire constitue une infraction p\u00e9nale. Les Icos pr\u00e9sent\u00e9s peuvent constituer des valeurs mobili\u00e8res en vertu des lois f\u00e9d\u00e9rales et \u00e9tatiques sur les valeurs mobili\u00e8res, et peuvent ne pas \u00eatre appropri\u00e9s ou offerts aux investisseurs r\u00e9sidant aux Etats-Unis ou dans d&rsquo;autres pays. Pour prendre une d\u00e9cision d&rsquo;investissement, les investisseurs doivent se fier \u00e0 leur propre examen de la personne ou de l&rsquo;entit\u00e9 qui \u00e9met l&rsquo;Ico et des conditions de l&rsquo;offre, y compris les m\u00e9rites et les risques encourus. L&rsquo;investissement dans les Icos comporte un degr\u00e9 \u00e9lev\u00e9 de risque et ne doit \u00eatre envisag\u00e9 que par les personnes qui peuvent se permettre de perdre la totalit\u00e9 de leur investissement. Les investisseurs dans Icos doivent consulter leur conseiller financier avant d&rsquo;investir dans Icos. La commission des valeurs mobili\u00e8res et des \u00e9changes a averti les investisseurs aux \u00c9tats-Unis que les Icos peuvent constituer des titres et qu&rsquo;en investissant dans les Icos, les investisseurs peuvent acheter des offres de titres non enregistr\u00e9es. Les investisseurs qui investissent dans Icos peuvent ne pas \u00eatre en mesure de r\u00e9cup\u00e9rer les pertes subies en cas de fraude ou de vol.<\/span><\/p>\n<p>[\/et_pb_text][\/et_pb_column][\/et_pb_row][\/et_pb_section]<\/p>\n","protected":false},"excerpt":{"rendered":"<p>Disclaimer WeedoVerseWeedoVerse ne fournit pas de conseils en mati\u00e8re d&rsquo;investissement et ne prend pas en compte la situation personnelle des auditeurs et des lecteurs lorsqu&rsquo;il s&rsquo;agit de discuter d&rsquo;investissements dans les Cryptocurrencies ou les Icos. WeedoVerse n&rsquo;est pas enregistr\u00e9 pour fournir des conseils d&rsquo;investissement. Toutes les opinions des h\u00f4tes, des invit\u00e9s et\/ou des sponsors de [&hellip;]<\/p>\n","protected":false},"author":1,"featured_media":0,"parent":0,"menu_order":0,"comment_status":"closed","ping_status":"closed","template":"","meta":{"_et_pb_use_builder":"on","_et_pb_old_content":"","_et_gb_content_width":"","_monsterinsights_skip_tracking":false,"_monsterinsights_sitenote_active":false,"_monsterinsights_sitenote_note":"","_monsterinsights_sitenote_category":0,"footnotes":""},"class_list":["post-8469","page","type-page","status-publish","hentry"],"_links":{"self":[{"href":"https:\/\/weedoverse.com\/fr\/wp-json\/wp\/v2\/pages\/8469","targetHints":{"allow":["GET"]}}],"collection":[{"href":"https:\/\/weedoverse.com\/fr\/wp-json\/wp\/v2\/pages"}],"about":[{"href":"https:\/\/weedoverse.com\/fr\/wp-json\/wp\/v2\/types\/page"}],"author":[{"embeddable":true,"href":"https:\/\/weedoverse.com\/fr\/wp-json\/wp\/v2\/users\/1"}],"replies":[{"embeddable":true,"href":"https:\/\/weedoverse.com\/fr\/wp-json\/wp\/v2\/comments?post=8469"}],"version-history":[{"count":8,"href":"https:\/\/weedoverse.com\/fr\/wp-json\/wp\/v2\/pages\/8469\/revisions"}],"predecessor-version":[{"id":8477,"href":"https:\/\/weedoverse.com\/fr\/wp-json\/wp\/v2\/pages\/8469\/revisions\/8477"}],"wp:attachment":[{"href":"https:\/\/weedoverse.com\/fr\/wp-json\/wp\/v2\/media?parent=8469"}],"curies":[{"name":"wp","href":"https:\/\/api.w.org\/{rel}","templated":true}]}}